{"id":346,"date":"2024-11-16T18:43:00","date_gmt":"2024-11-16T16:43:00","guid":{"rendered":"https:\/\/newdial.nielsencommunication.com\/?page_id=346"},"modified":"2024-11-22T12:34:17","modified_gmt":"2024-11-22T10:34:17","slug":"risorse-umane","status":"publish","type":"page","link":"https:\/\/newdial.nielsencommunication.com\/?page_id=346","title":{"rendered":"Risorse Umane"},"content":{"rendered":"\t\t<div data-elementor-type=\"wp-page\" data-elementor-id=\"346\" class=\"elementor elementor-346\" data-elementor-post-type=\"page\">\n\t\t\t\t<div class=\"elementor-element elementor-element-32f7ac4 e-flex e-con-boxed e-con e-parent\" data-id=\"32f7ac4\" data-element_type=\"container\" data-e-type=\"container\">\n\t\t\t\t\t<div class=\"e-con-inner\">\n\t\t<div class=\"elementor-element elementor-element-e9f59ca e-con-full e-flex e-con e-child\" data-id=\"e9f59ca\" data-element_type=\"container\" data-e-type=\"container\" data-settings=\"{&quot;background_background&quot;:&quot;classic&quot;}\">\n\t\t<div class=\"elementor-element elementor-element-073db3b e-con-full e-flex e-con e-child\" data-id=\"073db3b\" data-element_type=\"container\" data-e-type=\"container\">\n\t\t\t\t<\/div>\n\t\t<div class=\"elementor-element elementor-element-adc49c8 e-con-full e-flex e-con e-child\" data-id=\"adc49c8\" data-element_type=\"container\" data-e-type=\"container\">\n\t\t<div class=\"elementor-element elementor-element-6db5998 e-con-full e-flex e-con e-child\" data-id=\"6db5998\" data-element_type=\"container\" data-e-type=\"container\">\n\t\t\t\t<div class=\"elementor-element elementor-element-2bedfbd elementor-widget elementor-widget-heading\" data-id=\"2bedfbd\" data-element_type=\"widget\" data-e-type=\"widget\" data-widget_type=\"heading.default\">\n\t\t\t\t<div class=\"elementor-widget-container\">\n\t\t\t\t\t<h1 class=\"elementor-heading-title elementor-size-default\">Risorse umane<\/h1>\t\t\t\t<\/div>\n\t\t\t\t<\/div>\n\t\t\t\t<\/div>\n\t\t<div class=\"elementor-element elementor-element-265b9cc e-con-full e-flex e-con e-child\" data-id=\"265b9cc\" data-element_type=\"container\" data-e-type=\"container\">\n\t\t<div class=\"elementor-element elementor-element-6e08a55 e-con-full e-flex e-con e-child\" data-id=\"6e08a55\" data-element_type=\"container\" data-e-type=\"container\">\n\t\t\t\t<div class=\"elementor-element elementor-element-a212fd2 elementor-widget elementor-widget-text-editor\" data-id=\"a212fd2\" data-element_type=\"widget\" data-e-type=\"widget\" data-widget_type=\"text-editor.default\">\n\t\t\t\t<div class=\"elementor-widget-container\">\n\t\t\t\t\t\t\t\t\tChi siamo \/ Risorse umane\t\t\t\t\t\t\t\t<\/div>\n\t\t\t\t<\/div>\n\t\t\t\t<\/div>\n\t\t\t\t<\/div>\n\t\t\t\t<\/div>\n\t\t<div class=\"elementor-element elementor-element-65791e8 e-con-full e-flex e-con e-child\" data-id=\"65791e8\" data-element_type=\"container\" data-e-type=\"container\">\n\t\t\t\t<\/div>\n\t\t\t\t<\/div>\n\t\t<div class=\"elementor-element elementor-element-8b49d54 e-con-full e-flex e-con e-child\" data-id=\"8b49d54\" data-element_type=\"container\" data-e-type=\"container\" data-settings=\"{&quot;background_background&quot;:&quot;classic&quot;}\">\n\t\t<div class=\"elementor-element elementor-element-1a942f2 e-con-full e-flex e-con e-child\" data-id=\"1a942f2\" data-element_type=\"container\" data-e-type=\"container\">\n\t\t\t\t<\/div>\n\t\t<div class=\"elementor-element elementor-element-193f994 e-con-full e-flex e-con e-child\" data-id=\"193f994\" data-element_type=\"container\" data-e-type=\"container\">\n\t\t\t\t<div class=\"elementor-element elementor-element-c0e5f56 elementor-widget elementor-widget-text-editor\" data-id=\"c0e5f56\" data-element_type=\"widget\" data-e-type=\"widget\" data-widget_type=\"text-editor.default\">\n\t\t\t\t<div class=\"elementor-widget-container\">\n\t\t\t\t\t\t\t\t\t<p>La Qualit\u00e0 delle prestazioni sanitarie eseguite \u00e8 possibile grazie alla preziosa professionalit\u00e0 ed esperienza di tutti i Collaboratori della <strong>New Dial S.r.l.<\/strong>, ognuno consapevole dell\u2019importanza del rapporto umano che si instaurer\u00e0 al Vostro incontro.<\/p>\t\t\t\t\t\t\t\t<\/div>\n\t\t\t\t<\/div>\n\t\t\t\t<\/div>\n\t\t<div class=\"elementor-element elementor-element-3135cc7 e-con-full e-flex e-con e-child\" data-id=\"3135cc7\" data-element_type=\"container\" data-e-type=\"container\">\n\t\t\t\t<\/div>\n\t\t\t\t<\/div>\n\t\t\t\t\t<\/div>\n\t\t\t\t<\/div>\n\t\t<div class=\"elementor-element elementor-element-3bbc49d e-flex e-con-boxed e-con e-parent\" data-id=\"3bbc49d\" data-element_type=\"container\" data-e-type=\"container\">\n\t\t\t\t\t<div class=\"e-con-inner\">\n\t\t<div class=\"elementor-element elementor-element-c279cb8 e-con-full e-flex e-con e-child\" data-id=\"c279cb8\" data-element_type=\"container\" data-e-type=\"container\">\n\t\t<div class=\"elementor-element elementor-element-8e9018a e-con-full e-flex e-con e-child\" data-id=\"8e9018a\" data-element_type=\"container\" data-e-type=\"container\">\n\t\t\t\t<div class=\"elementor-element elementor-element-26e419f elementor-widget elementor-widget-heading\" data-id=\"26e419f\" data-element_type=\"widget\" data-e-type=\"widget\" data-widget_type=\"heading.default\">\n\t\t\t\t<div class=\"elementor-widget-container\">\n\t\t\t\t\t<h2 class=\"elementor-heading-title elementor-size-default\">Medici<\/h2>\t\t\t\t<\/div>\n\t\t\t\t<\/div>\n\t\t\t\t<div class=\"elementor-element elementor-element-50afdc4 elementor-widget elementor-widget-text-editor\" data-id=\"50afdc4\" data-element_type=\"widget\" data-e-type=\"widget\" data-widget_type=\"text-editor.default\">\n\t\t\t\t<div class=\"elementor-widget-container\">\n\t\t\t\t\t\t\t\t\t<p>Il Direttore Sanitario ha funzioni di garante e coordinatore di tutte le attivit\u00e0 mediche e dei servizi clinici forniti nonch\u00e9 delle attivit\u00e0 ad esse connesse. Durante le sedute dialitiche il Paziente viene seguito nel suo iter diagnostico e terapeutico dal Medico, che \u00e8 l\u2019interlocutore privilegiato anche per i familiari e per il Medico di Assistenza Primaria.<\/p>\t\t\t\t\t\t\t\t<\/div>\n\t\t\t\t<\/div>\n\t\t\t\t<\/div>\n\t\t\t\t<div class=\"elementor-element elementor-element-9e3d004 elementor-widget elementor-widget-text-editor\" data-id=\"9e3d004\" data-element_type=\"widget\" data-e-type=\"widget\" data-widget_type=\"text-editor.default\">\n\t\t\t\t<div class=\"elementor-widget-container\">\n\t\t\t\t\t\t\t\t\t<p><strong>Tutti i Medici conduttori di seduta dialitica sono Specialisti in Nefrologia<br \/>e vantano una esperienza pluriennale in Dialisi:<\/strong><\/p>\t\t\t\t\t\t\t\t<\/div>\n\t\t\t\t<\/div>\n\t\t<div class=\"elementor-element elementor-element-b797c60 e-con-full e-grid e-con e-child\" data-id=\"b797c60\" data-element_type=\"container\" data-e-type=\"container\">\n\t\t<div class=\"elementor-element elementor-element-1f2b7b2 e-con-full e-flex e-con e-child\" data-id=\"1f2b7b2\" data-element_type=\"container\" data-e-type=\"container\">\n\t\t\t\t<div class=\"elementor-element elementor-element-45685eb elementor-widget elementor-widget-heading\" data-id=\"45685eb\" data-element_type=\"widget\" data-e-type=\"widget\" data-widget_type=\"heading.default\">\n\t\t\t\t<div class=\"elementor-widget-container\">\n\t\t\t\t\t<h3 class=\"elementor-heading-title elementor-size-default\">Direttore Scientifico<br>\nProf. Dott. Giovanni B. PERTOSA<br>\nSpecialista in Nefrologia<\/h3>\t\t\t\t<\/div>\n\t\t\t\t<\/div>\n\t\t\t\t<\/div>\n\t\t<div class=\"elementor-element elementor-element-04326df e-con-full e-flex e-con e-child\" data-id=\"04326df\" data-element_type=\"container\" data-e-type=\"container\">\n\t\t\t\t<div class=\"elementor-element elementor-element-001ff39 elementor-widget elementor-widget-heading\" data-id=\"001ff39\" data-element_type=\"widget\" data-e-type=\"widget\" data-widget_type=\"heading.default\">\n\t\t\t\t<div class=\"elementor-widget-container\">\n\t\t\t\t\t<h3 class=\"elementor-heading-title elementor-size-default\">Direttore Sanitario<br>\nDott.ssa Fernanda MISCEO<br>\nSpecialista in Nefrologia<\/h3>\t\t\t\t<\/div>\n\t\t\t\t<\/div>\n\t\t\t\t<\/div>\n\t\t<div class=\"elementor-element elementor-element-6ebfd87 e-con-full e-flex e-con e-child\" data-id=\"6ebfd87\" data-element_type=\"container\" data-e-type=\"container\">\n\t\t\t\t<div class=\"elementor-element elementor-element-0892e26 elementor-widget elementor-widget-heading\" data-id=\"0892e26\" data-element_type=\"widget\" data-e-type=\"widget\" data-widget_type=\"heading.default\">\n\t\t\t\t<div class=\"elementor-widget-container\">\n\t\t\t\t\t<h3 class=\"elementor-heading-title elementor-size-default\">Responsabile Area Medica<br>\nDott. Pierfelice ZAZZERA<br>\nSpecialista in Nefrologia<\/h3>\t\t\t\t<\/div>\n\t\t\t\t<\/div>\n\t\t\t\t<\/div>\n\t\t<div class=\"elementor-element elementor-element-dfb8d1e e-con-full e-flex e-con e-child\" data-id=\"dfb8d1e\" data-element_type=\"container\" data-e-type=\"container\">\n\t\t\t\t<div class=\"elementor-element elementor-element-6c8c4f2 elementor-widget elementor-widget-heading\" data-id=\"6c8c4f2\" data-element_type=\"widget\" data-e-type=\"widget\" data-widget_type=\"heading.default\">\n\t\t\t\t<div class=\"elementor-widget-container\">\n\t\t\t\t\t<h3 class=\"elementor-heading-title elementor-size-default\">Medico Aiuto<br>\nDott.ssa Antonella MATRELLA<br>\nSpecialista in Nefrologia<\/h3>\t\t\t\t<\/div>\n\t\t\t\t<\/div>\n\t\t\t\t<\/div>\n\t\t<div class=\"elementor-element elementor-element-74a956d e-con-full e-flex e-con e-child\" data-id=\"74a956d\" data-element_type=\"container\" data-e-type=\"container\">\n\t\t\t\t<div class=\"elementor-element elementor-element-140d690 elementor-widget elementor-widget-heading\" data-id=\"140d690\" data-element_type=\"widget\" data-e-type=\"widget\" data-widget_type=\"heading.default\">\n\t\t\t\t<div class=\"elementor-widget-container\">\n\t\t\t\t\t<h3 class=\"elementor-heading-title elementor-size-default\">Medico Aiuto<br>\nDott.ssa Mariangela LA VOLPE<br>\nSpecialista in Nefrologia<\/h3>\t\t\t\t<\/div>\n\t\t\t\t<\/div>\n\t\t\t\t<\/div>\n\t\t\t\t<\/div>\n\t\t<div class=\"elementor-element elementor-element-587be99 e-con-full e-flex e-con e-child\" data-id=\"587be99\" data-element_type=\"container\" data-e-type=\"container\">\n\t\t\t\t<div class=\"elementor-element elementor-element-5cfb57c elementor-widget elementor-widget-text-editor\" data-id=\"5cfb57c\" data-element_type=\"widget\" data-e-type=\"widget\" data-widget_type=\"text-editor.default\">\n\t\t\t\t<div class=\"elementor-widget-container\">\n\t\t\t\t\t\t\t\t\t<p>Assicurano la verifica della Qualit\u00e0 dell\u2019ottimale svolgimento del <strong>\u201ctrattamento emodialitico personalizzato\u201d<\/strong> attraverso un approccio globale a tutte le problematiche connesse all\u2019Insufficienza Renale Cronica avvalendosi anche della collaborazione di:<\/p>\t\t\t\t\t\t\t\t<\/div>\n\t\t\t\t<\/div>\n\t\t\t\t<\/div>\n\t\t<div class=\"elementor-element elementor-element-6f3145f e-con-full e-grid e-con e-child\" data-id=\"6f3145f\" data-element_type=\"container\" data-e-type=\"container\">\n\t\t<div class=\"elementor-element elementor-element-b50271b e-con-full e-flex e-con e-child\" data-id=\"b50271b\" data-element_type=\"container\" data-e-type=\"container\">\n\t\t\t\t<div class=\"elementor-element elementor-element-98fdfe8 elementor-widget elementor-widget-heading\" data-id=\"98fdfe8\" data-element_type=\"widget\" data-e-type=\"widget\" data-widget_type=\"heading.default\">\n\t\t\t\t<div class=\"elementor-widget-container\">\n\t\t\t\t\t<h3 class=\"elementor-heading-title elementor-size-default\">Dott.ssa Aikaterini GENERALI<br>\nSpecialista in Cardiologia<\/h3>\t\t\t\t<\/div>\n\t\t\t\t<\/div>\n\t\t\t\t<\/div>\n\t\t<div class=\"elementor-element elementor-element-72ccf8b e-con-full e-flex e-con e-child\" data-id=\"72ccf8b\" data-element_type=\"container\" data-e-type=\"container\">\n\t\t\t\t<div class=\"elementor-element elementor-element-539ba57 elementor-widget elementor-widget-heading\" data-id=\"539ba57\" data-element_type=\"widget\" data-e-type=\"widget\" data-widget_type=\"heading.default\">\n\t\t\t\t<div class=\"elementor-widget-container\">\n\t\t\t\t\t<h3 class=\"elementor-heading-title elementor-size-default\">Dott.ssa Anna Carmela RUBINO<br>\nSpecialista in Nutrizione Umana<\/h3>\t\t\t\t<\/div>\n\t\t\t\t<\/div>\n\t\t\t\t<\/div>\n\t\t<div class=\"elementor-element elementor-element-0adf525 e-con-full e-flex e-con e-child\" data-id=\"0adf525\" data-element_type=\"container\" data-e-type=\"container\">\n\t\t\t\t<div class=\"elementor-element elementor-element-9969598 elementor-widget elementor-widget-heading\" data-id=\"9969598\" data-element_type=\"widget\" data-e-type=\"widget\" data-widget_type=\"heading.default\">\n\t\t\t\t<div class=\"elementor-widget-container\">\n\t\t\t\t\t<h3 class=\"elementor-heading-title elementor-size-default\">Dott.ssa Stella Pia DIAMANTE<br>\nSpecialista in Nutrizione Umana<\/h3>\t\t\t\t<\/div>\n\t\t\t\t<\/div>\n\t\t\t\t<\/div>\n\t\t\t\t<\/div>\n\t\t<div class=\"elementor-element elementor-element-2e1b585 e-con-full e-flex e-con e-child\" data-id=\"2e1b585\" data-element_type=\"container\" data-e-type=\"container\" data-settings=\"{&quot;background_background&quot;:&quot;classic&quot;}\">\n\t\t<div class=\"elementor-element elementor-element-695f8e2 e-con-full e-flex e-con e-child\" data-id=\"695f8e2\" data-element_type=\"container\" data-e-type=\"container\">\n\t\t\t\t<\/div>\n\t\t<div class=\"elementor-element elementor-element-21c1b20 e-con-full e-flex e-con e-child\" data-id=\"21c1b20\" data-element_type=\"container\" data-e-type=\"container\">\n\t\t\t\t<div class=\"elementor-element elementor-element-6e658fb elementor-widget elementor-widget-text-editor\" data-id=\"6e658fb\" data-element_type=\"widget\" data-e-type=\"widget\" data-widget_type=\"text-editor.default\">\n\t\t\t\t<div class=\"elementor-widget-container\">\n\t\t\t\t\t\t\t\t\t<p>Coordinano i contatti e collaborano con i Medici del Policlinico di Bari come da Convenzione stipulata per la Gestione delle Emergenze, <br \/>con l&#8217;Unit\u00e0 di Nefrologia dell&#8217;Universit\u00e0 degli Studi di Bari nonch\u00e9 con la comunit\u00e0 scientifica internazionale, con l\u2019<a href=\"https:\/\/www.aned-onlus.it\/\" target=\"_blank\" rel=\"noopener\">A.N.E.D.<\/a> e l&#8217;<a href=\"https:\/\/www.freseniusmedicalcare.it\/it\/pazienti-e-famiglie\/panoramica-pazienti-e-famiglie\" target=\"_blank\" rel=\"noopener\">FMC S.p.a.<\/a>\u00a0, leader mondiale nello sviluppo di prodotti e tecnologie per il Paziente affetto da insufficienza renale cronica in trattamento sostitutivo.<\/p><p>Garantiscono il continuo aggiornamento scientifico con la partecipazione a congressi e corsi d\u2019aggiornamento su nuove procedure e nuove tecniche dialitiche.<\/p><p><strong>I Medici sono a disposizione del Paziente<br \/>durante l\u2019intera durata del trattamento dialitico.<\/strong><\/p>\t\t\t\t\t\t\t\t<\/div>\n\t\t\t\t<\/div>\n\t\t\t\t<\/div>\n\t\t<div class=\"elementor-element elementor-element-fd9e1ee e-con-full e-flex e-con e-child\" data-id=\"fd9e1ee\" data-element_type=\"container\" data-e-type=\"container\">\n\t\t\t\t<\/div>\n\t\t\t\t<\/div>\n\t\t\t\t<\/div>\n\t\t\t\t\t<\/div>\n\t\t\t\t<\/div>\n\t\t<div class=\"elementor-element elementor-element-7a67f88 e-flex e-con-boxed e-con e-parent\" data-id=\"7a67f88\" data-element_type=\"container\" data-e-type=\"container\">\n\t\t\t\t\t<div class=\"e-con-inner\">\n\t\t<div class=\"elementor-element elementor-element-db48892 e-con-full e-flex e-con e-child\" data-id=\"db48892\" data-element_type=\"container\" data-e-type=\"container\">\n\t\t\t\t<div class=\"elementor-element elementor-element-697ccb1 elementor-widget elementor-widget-heading\" data-id=\"697ccb1\" data-element_type=\"widget\" data-e-type=\"widget\" data-widget_type=\"heading.default\">\n\t\t\t\t<div class=\"elementor-widget-container\">\n\t\t\t\t\t<h2 class=\"elementor-heading-title elementor-size-default\">Infermieri<\/h2>\t\t\t\t<\/div>\n\t\t\t\t<\/div>\n\t\t\t\t<div class=\"elementor-element elementor-element-9dcc6c2 elementor-widget elementor-widget-text-editor\" data-id=\"9dcc6c2\" data-element_type=\"widget\" data-e-type=\"widget\" data-widget_type=\"text-editor.default\">\n\t\t\t\t<div class=\"elementor-widget-container\">\n\t\t\t\t\t\t\t\t\t<p>Gli Infermieri in organico vantano tutti un\u2019esperienza pluriennale in Dialisi ed un addestramento continuo alle pi\u00f9 moderne tecniche dialitiche.<br \/>Assicurano il buon funzionamento dell\u2019ambulatorio di emodialisi riferendosi a criteri di efficienza e di efficacia in coordinamento con gli ausiliari e gli autisti.<br \/>Ogni operatore lavora per il raggiungimento dell\u2019obiettivo primario che \u00e8 la promozione della salute del Paziente, in modo da produrre, con le conoscenze tecnico-scientifiche pi\u00f9 aggiornate, le migliori condizioni di benessere possibili. Il raggiungimento di tale obiettivo implica il coinvolgimento e la crescita professionale degli operatori, nonch\u00e9 l\u2019attivazione di percorsi e procedure in grado di garantire l\u2019utilizzo ottimale delle risorse umane disponibili.<\/p>\t\t\t\t\t\t\t\t<\/div>\n\t\t\t\t<\/div>\n\t\t\t\t<\/div>\n\t\t\t\t<div class=\"elementor-element elementor-element-7f920d6 elementor-widget elementor-widget-text-editor\" data-id=\"7f920d6\" data-element_type=\"widget\" data-e-type=\"widget\" data-widget_type=\"text-editor.default\">\n\t\t\t\t<div class=\"elementor-widget-container\">\n\t\t\t\t\t\t\t\t\t<p><strong>Il P<\/strong><strong style=\"color: var( --e-global-color-primary ); font-family: var( --e-global-typography-accent-font-family ), Sans-serif; font-size: var( --e-global-typography-text-font-size );\">aziente pu\u00f2 rivolgersi direttamente agli infermieri,<\/strong><\/p><p><strong>sempre presenti, per tutte le esigenze di natura organizzativa ed assistenziale.<\/strong><\/p>\t\t\t\t\t\t\t\t<\/div>\n\t\t\t\t<\/div>\n\t\t\t\t\t<\/div>\n\t\t\t\t<\/div>\n\t\t<div class=\"elementor-element elementor-element-6bdd88a e-flex e-con-boxed e-con e-parent\" data-id=\"6bdd88a\" data-element_type=\"container\" data-e-type=\"container\">\n\t\t\t\t\t<div class=\"e-con-inner\">\n\t\t<div class=\"elementor-element elementor-element-101514b e-con-full e-flex e-con e-child\" data-id=\"101514b\" data-element_type=\"container\" data-e-type=\"container\">\n\t\t\t\t<div class=\"elementor-element elementor-element-fb7269c elementor-widget elementor-widget-heading\" data-id=\"fb7269c\" data-element_type=\"widget\" data-e-type=\"widget\" data-widget_type=\"heading.default\">\n\t\t\t\t<div class=\"elementor-widget-container\">\n\t\t\t\t\t<h2 class=\"elementor-heading-title elementor-size-default\">AUSILIARI<\/h2>\t\t\t\t<\/div>\n\t\t\t\t<\/div>\n\t\t\t\t<div class=\"elementor-element elementor-element-4ec6ae2 elementor-widget elementor-widget-text-editor\" data-id=\"4ec6ae2\" data-element_type=\"widget\" data-e-type=\"widget\" data-widget_type=\"text-editor.default\">\n\t\t\t\t<div class=\"elementor-widget-container\">\n\t\t\t\t\t\t\t\t\t<p>Gli Ausiliari Socio Sanitari in organico, assicurando la Sanificazione di tutti gli ambienti e somministrando bevande e piccoli snacks, <strong>assicurano maggiore sicurezza e comfort al Paziente focalizzandosi soprattutto sull\u2019assistenza nei confronti di persone in generale non autosufficienti.<\/strong><\/p>\t\t\t\t\t\t\t\t<\/div>\n\t\t\t\t<\/div>\n\t\t\t\t<\/div>\n\t\t\t\t\t<\/div>\n\t\t\t\t<\/div>\n\t\t<div class=\"elementor-element elementor-element-eb68c0b e-flex e-con-boxed e-con e-parent\" data-id=\"eb68c0b\" data-element_type=\"container\" data-e-type=\"container\">\n\t\t\t\t\t<div class=\"e-con-inner\">\n\t\t<div class=\"elementor-element elementor-element-113831d e-con-full e-flex e-con e-child\" data-id=\"113831d\" data-element_type=\"container\" data-e-type=\"container\">\n\t\t\t\t<div class=\"elementor-element elementor-element-32eb7b9 elementor-widget elementor-widget-heading\" data-id=\"32eb7b9\" data-element_type=\"widget\" data-e-type=\"widget\" data-widget_type=\"heading.default\">\n\t\t\t\t<div class=\"elementor-widget-container\">\n\t\t\t\t\t<h2 class=\"elementor-heading-title elementor-size-default\">Autisti<\/h2>\t\t\t\t<\/div>\n\t\t\t\t<\/div>\n\t\t\t\t<div class=\"elementor-element elementor-element-4b4dbad elementor-widget elementor-widget-text-editor\" data-id=\"4b4dbad\" data-element_type=\"widget\" data-e-type=\"widget\" data-widget_type=\"text-editor.default\">\n\t\t\t\t<div class=\"elementor-widget-container\">\n\t\t\t\t\t\t\t\t\t<p>La societ\u00e0 annualmente sottoscrive, con la ASL BA, una convenzione per cui le \u00e8 consentito di svolgere, solo per gli utenti del proprio centro di emodialisi, il servizio di accompagnamento dei Pazienti da e per il loro domicilio.<\/p>\t\t\t\t\t\t\t\t<\/div>\n\t\t\t\t<\/div>\n\t\t\t\t<div class=\"elementor-element elementor-element-79bebc0 elementor-widget elementor-widget-text-editor\" data-id=\"79bebc0\" data-element_type=\"widget\" data-e-type=\"widget\" data-widget_type=\"text-editor.default\">\n\t\t\t\t<div class=\"elementor-widget-container\">\n\t\t\t\t\t\t\t\t\t<p><strong>L\u2019accompagnamento dei Pazienti con mezzi e personale dedicato \u00e8 a garanzia di completa assistenza e supporto.<\/strong><\/p>\t\t\t\t\t\t\t\t<\/div>\n\t\t\t\t<\/div>\n\t\t\t\t<\/div>\n\t\t\t\t\t<\/div>\n\t\t\t\t<\/div>\n\t\t\t\t<\/div>\n\t\t","protected":false},"excerpt":{"rendered":"<p>Risorse umane Chi siamo \/ Risorse umane La Qualit\u00e0 delle prestazioni sanitarie eseguite \u00e8 possibile grazie alla preziosa professionalit\u00e0 ed esperienza di tutti i Collaboratori della New Dial S.r.l., ognuno consapevole dell\u2019importanza del rapporto umano che si instaurer\u00e0 al Vostro incontro. Medici Il Direttore Sanitario ha funzioni di garante e coordinatore di tutte le attivit\u00e0 [&hellip;]<\/p>\n","protected":false},"author":1,"featured_media":0,"parent":0,"menu_order":0,"comment_status":"closed","ping_status":"closed","template":"","meta":{"footnotes":""},"class_list":["post-346","page","type-page","status-publish","hentry"],"_links":{"self":[{"href":"https:\/\/newdial.nielsencommunication.com\/index.php?rest_route=\/wp\/v2\/pages\/346","targetHints":{"allow":["GET"]}}],"collection":[{"href":"https:\/\/newdial.nielsencommunication.com\/index.php?rest_route=\/wp\/v2\/pages"}],"about":[{"href":"https:\/\/newdial.nielsencommunication.com\/index.php?rest_route=\/wp\/v2\/types\/page"}],"author":[{"embeddable":true,"href":"https:\/\/newdial.nielsencommunication.com\/index.php?rest_route=\/wp\/v2\/users\/1"}],"replies":[{"embeddable":true,"href":"https:\/\/newdial.nielsencommunication.com\/index.php?rest_route=%2Fwp%2Fv2%2Fcomments&post=346"}],"version-history":[{"count":145,"href":"https:\/\/newdial.nielsencommunication.com\/index.php?rest_route=\/wp\/v2\/pages\/346\/revisions"}],"predecessor-version":[{"id":626,"href":"https:\/\/newdial.nielsencommunication.com\/index.php?rest_route=\/wp\/v2\/pages\/346\/revisions\/626"}],"wp:attachment":[{"href":"https:\/\/newdial.nielsencommunication.com\/index.php?rest_route=%2Fwp%2Fv2%2Fmedia&parent=346"}],"curies":[{"name":"wp","href":"https:\/\/api.w.org\/{rel}","templated":true}]}}